{"id":2,"date":"2025-10-15T09:13:45","date_gmt":"2025-10-15T09:13:45","guid":{"rendered":"https:\/\/www.hedefsangroup.com\/?page_id=2"},"modified":"2025-12-10T08:54:37","modified_gmt":"2025-12-10T08:54:37","slug":"sample-page","status":"publish","type":"page","link":"https:\/\/www.hedefsangroup.com\/?page_id=2","title":{"rendered":"Referanslar\u0131m\u0131z"},"content":{"rendered":"\n<figure class=\"wp-block-table is-style-stripes has-medium-font-size\"><table class=\"has-fixed-layout\"><tbody><tr><td>A101 Bursa<\/td><td><img decoding=\"async\" src=\"https:\/\/www.hedefsangroup.com\/wp-content\/uploads\/2025\/12\/a101.png\" alt=\"\" style=\"width: 75px;\"><\/td><\/tr><tr><td>Ahlat\u00e7\u0131<\/td><td><img decoding=\"async\" src=\"https:\/\/www.hedefsangroup.com\/wp-content\/uploads\/2025\/12\/ahlatci.png\" alt=\"ahlatci\" style=\"width: 75px;\"><\/td><\/tr><tr><td>Ala\u00e7at\u0131 Muhallebicisi<\/td><td><img decoding=\"async\" src=\"https:\/\/www.hedefsangroup.com\/wp-content\/uploads\/2025\/12\/alacati-muhallebicisi.png\" alt=\"alacati-muhallebicisi\" style=\"width: 75px;\"><\/td><\/tr><tr><td>Aktifbank<\/td><td><img decoding=\"async\" src=\"https:\/\/www.hedefsangroup.com\/wp-content\/uploads\/2025\/12\/aktifbank.png\" alt=\"\" style=\"width: 75px;\"><\/td><\/tr><tr><td>Buhara Evleri<\/td><td><img decoding=\"async\" src=\"https:\/\/www.hedefsangroup.com\/wp-content\/uploads\/2025\/12\/buhara.png\" alt=\"\" style=\"width: 75px;\"><\/td><\/tr><tr><td>Kuveyt Turk<\/td><td><img decoding=\"async\" src=\"https:\/\/www.hedefsangroup.com\/wp-content\/uploads\/2025\/12\/kuveytturk.png\" alt=\"kuveytturk\" style=\"width: 75px;\"><\/td><\/tr><tr><td>Merkez Bankas\u0131<\/td><td><img decoding=\"async\" src=\"https:\/\/www.hedefsangroup.com\/wp-content\/uploads\/2025\/12\/merkez-bankasi.png\" alt=\"merkez bankas\u0131\" style=\"width: 75px;\"><\/td><\/tr><tr><td>Petrol Ofisi<\/td><td><img decoding=\"async\" src=\"https:\/\/www.hedefsangroup.com\/wp-content\/uploads\/2025\/12\/petrol-ofisi.png\" alt=\"petrol ofisi\" style=\"width: 75px;\"><\/td><\/tr><tr><td>Ta\u015fdelen Su<\/td><td><img decoding=\"async\" src=\"https:\/\/www.hedefsangroup.com\/wp-content\/uploads\/2025\/12\/tasdelen.png\" alt=\"Ta\u015fdelen Su\" style=\"width: 75px;\"><\/td><\/tr><tr><td><\/td><td><\/td><\/tr><\/tbody><\/table><\/figure>\n\n\n\n<blockquote class=\"wp-block-quote is-layout-flow wp-block-quote-is-layout-flow\"><\/blockquote>\n\n\n\n<blockquote class=\"wp-block-quote is-layout-flow wp-block-quote-is-layout-flow\"><\/blockquote>\n","protected":false},"excerpt":{"rendered":"<p>A101 Bursa Ahlat\u00e7\u0131 Ala\u00e7at\u0131 Muhallebicisi Aktifbank Buhara Evleri Kuveyt Turk Merkez Bankas\u0131 Petrol Ofisi Ta\u015fdelen Su<\/p>\n","protected":false},"author":1,"featured_media":0,"parent":0,"menu_order":0,"comment_status":"closed","ping_status":"open","template":"","meta":{"footnotes":""},"class_list":["post-2","page","type-page","status-publish","hentry"],"_links":{"self":[{"href":"https:\/\/www.hedefsangroup.com\/index.php?rest_route=\/wp\/v2\/pages\/2","targetHints":{"allow":["GET"]}}],"collection":[{"href":"https:\/\/www.hedefsangroup.com\/index.php?rest_route=\/wp\/v2\/pages"}],"about":[{"href":"https:\/\/www.hedefsangroup.com\/index.php?rest_route=\/wp\/v2\/types\/page"}],"author":[{"embeddable":true,"href":"https:\/\/www.hedefsangroup.com\/index.php?rest_route=\/wp\/v2\/users\/1"}],"replies":[{"embeddable":true,"href":"https:\/\/www.hedefsangroup.com\/index.php?rest_route=%2Fwp%2Fv2%2Fcomments&post=2"}],"version-history":[{"count":21,"href":"https:\/\/www.hedefsangroup.com\/index.php?rest_route=\/wp\/v2\/pages\/2\/revisions"}],"predecessor-version":[{"id":206,"href":"https:\/\/www.hedefsangroup.com\/index.php?rest_route=\/wp\/v2\/pages\/2\/revisions\/206"}],"wp:attachment":[{"href":"https:\/\/www.hedefsangroup.com\/index.php?rest_route=%2Fwp%2Fv2%2Fmedia&parent=2"}],"curies":[{"name":"wp","href":"https:\/\/api.w.org\/{rel}","templated":true}]}}