{"id":3,"date":"2025-10-15T09:13:45","date_gmt":"2025-10-15T09:13:45","guid":{"rendered":"https:\/\/www.hedefsangroup.com\/?page_id=3"},"modified":"2025-12-17T13:36:28","modified_gmt":"2025-12-17T13:36:28","slug":"biz-kimiz","status":"publish","type":"page","link":"https:\/\/www.hedefsangroup.com\/?page_id=3","title":{"rendered":"Biz kimiz"},"content":{"rendered":"\n<p>Hedefsan Group 2004 y\u0131l\u0131nda Hedefsan Elektrik olarak elektrik malzemeleri toptan sat\u0131\u015f\u0131 yaparak ticari hayat\u0131na ba\u015flam\u0131\u015ft\u0131r. Ayn\u0131 zamanda 2014 y\u0131l\u0131ndan itibaren taahh\u00fct i\u015fleri de ger\u00e7ekle\u015ftirerek \u0130stanbul i\u00e7erisinde \u00e7ok say\u0131da projenin m\u00fcteahhitlik i\u015fini de tamamlam\u0131\u015f ve sat\u0131\u015f\u0131n\u0131 ba\u015far\u0131 ile tamamlam\u0131\u015ft\u0131r.<\/p>\n\n\n\n<p>2018 y\u0131l\u0131 Aral\u0131k ay\u0131 itibari ile de Hedefsan Group Elektrik Elektronik San. Tic. Ltd. \u015eti. ad\u0131 alt\u0131nda Elektrik ve Elektronik alan\u0131nda Pratik Kart ve Pratik Plus, \u00c7et-San Plastik, Mutlusan Plastik, CATA, Ovivo, Uzlight, \u00d6znur Kablo gibi markalar\u0131n resmi distrib\u00fct\u00f6rl\u00fcklerini alarak as\u0131l faaliyet alan\u0131 olan Toptan Elektrik, Ayd\u0131nlatma ve T\u00fcketici Elektroni\u011fi \u00fcr\u00fcnleri sat\u0131\u015f\u0131na devam etmektedir.<br><br>M\u00fc\u015fteri memnuniyeti odakl\u0131 \u00e7al\u0131\u015fan i\u015fletmemiz, h\u0131zl\u0131 ve do\u011fru \u00fcr\u00fcn\u00fc t\u00fcketicisine kaliteli servisle sa\u011flamak misyonu ile \u00e7al\u0131\u015fmaktad\u0131r.<\/p>\n\n\n\n<p>\u0130stanbul i\u00e7erisinde t\u00fcm elektrik ve ayd\u0131nlatma \u00fcr\u00fcnleri sat\u0131\u015f\u0131 yapan elektrik malzemesi sat\u0131\u015f noktalar\u0131na direkt hizmet ve servis veren i\u015fletmemiz bir ma\u011fazan\u0131n, ofisin veya evin t\u00fcm elektrik ve ayd\u0131nlatma malzemesi ihtiyac\u0131n\u0131 t\u00fcketicilerine sa\u011flamakta ve ayn\u0131 zamanda online olarak da ToptanElektrikci.com arac\u0131l\u0131\u011f\u0131 ile t\u00fcketicilerine direkt ula\u015fmaktad\u0131r.<\/p>\n\n\n\n<p>ToptanElektrikci.com t\u00fcketicilerimize toptan fiyat\u0131na perakende sat\u0131\u015f yapmak ve pazarda ki en kaliteli \u00fcr\u00fcnleri en uygun fiyata sa\u011flamak \u00fczere \u00f6zenle hizmet vermektedir.<\/p>\n\n\n\n<p>Her t\u00fcrl\u00fc toptan ve perakende \u00fcr\u00fcn talepleriniz i\u00e7in ayr\u0131ca web sitemizde bulunan linklerden, satis@hedefsangroup.com eposta adresinden ve Whatsapp ileti\u015fim hatlar\u0131m\u0131z olan 0551 020 2555 telefon numaralar\u0131ndan bizimle direkt olarak ileti\u015fime ge\u00e7ebilirsiniz.<\/p>\n\n\n\n<p><\/p>\n","protected":false},"excerpt":{"rendered":"<p>Hedefsan Group 2004 y\u0131l\u0131nda Hedefsan Elektrik olarak elektrik malzemeleri toptan sat\u0131\u015f\u0131 yaparak ticari hayat\u0131na ba\u015flam\u0131\u015ft\u0131r. Ayn\u0131 zamanda 2014 y\u0131l\u0131ndan itibaren [&hellip;]<\/p>\n","protected":false},"author":1,"featured_media":0,"parent":0,"menu_order":0,"comment_status":"closed","ping_status":"closed","template":"","meta":{"footnotes":""},"class_list":["post-3","page","type-page","status-publish","hentry"],"_links":{"self":[{"href":"https:\/\/www.hedefsangroup.com\/index.php?rest_route=\/wp\/v2\/pages\/3","targetHints":{"allow":["GET"]}}],"collection":[{"href":"https:\/\/www.hedefsangroup.com\/index.php?rest_route=\/wp\/v2\/pages"}],"about":[{"href":"https:\/\/www.hedefsangroup.com\/index.php?rest_route=\/wp\/v2\/types\/page"}],"author":[{"embeddable":true,"href":"https:\/\/www.hedefsangroup.com\/index.php?rest_route=\/wp\/v2\/users\/1"}],"replies":[{"embeddable":true,"href":"https:\/\/www.hedefsangroup.com\/index.php?rest_route=%2Fwp%2Fv2%2Fcomments&post=3"}],"version-history":[{"count":5,"href":"https:\/\/www.hedefsangroup.com\/index.php?rest_route=\/wp\/v2\/pages\/3\/revisions"}],"predecessor-version":[{"id":96,"href":"https:\/\/www.hedefsangroup.com\/index.php?rest_route=\/wp\/v2\/pages\/3\/revisions\/96"}],"wp:attachment":[{"href":"https:\/\/www.hedefsangroup.com\/index.php?rest_route=%2Fwp%2Fv2%2Fmedia&parent=3"}],"curies":[{"name":"wp","href":"https:\/\/api.w.org\/{rel}","templated":true}]}}